{"id":1004,"date":"2025-10-21T09:21:29","date_gmt":"2025-10-21T07:21:29","guid":{"rendered":"https:\/\/zoldsziget.suli.hu\/?page_id=1004"},"modified":"2025-10-28T10:22:00","modified_gmt":"2025-10-28T09:22:00","slug":"adomanyok","status":"publish","type":"page","link":"https:\/\/zoldsziget.suli.hu\/?page_id=1004","title":{"rendered":"Adom\u00e1nyok"},"content":{"rendered":"\n<p>A Z\u00f6ldsziget K\u00f6rzeti \u00c1ltal\u00e1nos Iskola adom\u00e1nyoz\u00e1si elj\u00e1r\u00e1sait k\u00f6vet\u0151en az al\u00e1bbi adom\u00e1nyokat kapta:<\/p>\n\n\n\n<p>2024.<\/p>\n\n\n\n<p>1. A p\u00f3csmegyer-sur\u00e1nyi K\u00f6szi, \u00f6nk\u00e9ntes! Egyes\u00fclet sz\u00fcl\u0151k \u00e9s a p\u00f3csmegyeri iskol\u00e1ba j\u00e1r\u00f3 kisiskol\u00e1sok k\u00e9r\u00e9s\u00e9re padot k\u00e9sz\u00edtett az iskolaudvarra. A gyerekek &#8220;dumapadot&#8221; szerettek volna, azaz olyan padot, ahol k\u00f6rbe lehet \u00fclni \u00e9s besz\u00e9lgetni. Kifejezetten gyerekpadot k\u00e9sz\u00edtett\u00fcnk, az els\u0151s-m\u00e1sodikosok testm\u00e9reteit figyelembe v\u00e9ve. M\u00e9retei: 180X180 cm, \u00fcl\u00e9smagass\u00e1ga 45 cm. A padot a telep\u00fcl\u00e9sre k\u00e9sz\u00edtett m\u00e1s utcab\u00fatorok megmaradt anyagaib\u00f3l k\u00e9sz\u00edtett\u00e9k, \u00edgy csak becs\u00fclt \u00e9rt\u00e9ke van az anyagoknak: 80. 000 Ft.<\/p>\n\n\n\n<p>2025.<\/p>\n\n\n\n<p>2. V\u00e1czin\u00e9 Varga Hajnalka k\u00f6zvetett adom\u00e1nya 3 Fisher t\u00edpus\u00fa l\u00e9gkondicion\u00e1l\u00f3, ami seg\u00edti a napos oldal oszt\u00e1lyaiban a k\u00e9s\u0151 tavaszi, ny\u00e1ri id\u0151szak megterhel\u0151 h\u0151s\u00e9g\u00e9t elviselni. Az adom\u00e1ny \u00e9rt\u00e9ke 7 Forint.<\/p>\n","protected":false},"excerpt":{"rendered":"<p>A Z\u00f6ldsziget K\u00f6rzeti \u00c1ltal\u00e1nos Iskola adom\u00e1nyoz\u00e1si elj\u00e1r\u00e1sait k\u00f6vet\u0151en az al\u00e1bbi adom\u00e1nyokat kapta: 2024. 1. A p\u00f3csmegyer-sur\u00e1nyi K\u00f6szi, \u00f6nk\u00e9ntes! Egyes\u00fclet sz\u00fcl\u0151k \u00e9s a p\u00f3csmegyeri iskol\u00e1ba j\u00e1r\u00f3 kisiskol\u00e1sok k\u00e9r\u00e9s\u00e9re padot k\u00e9sz\u00edtett az iskolaudvarra. A gyerekek &#8220;dumapadot&#8221; szerettek volna, azaz olyan padot, ahol [&hellip;]<\/p>\n","protected":false},"author":3,"featured_media":0,"parent":0,"menu_order":0,"comment_status":"closed","ping_status":"closed","template":"","meta":{"footnotes":""},"class_list":["post-1004","page","type-page","status-publish","hentry"],"_links":{"self":[{"href":"https:\/\/zoldsziget.suli.hu\/index.php?rest_route=\/wp\/v2\/pages\/1004","targetHints":{"allow":["GET"]}}],"collection":[{"href":"https:\/\/zoldsziget.suli.hu\/index.php?rest_route=\/wp\/v2\/pages"}],"about":[{"href":"https:\/\/zoldsziget.suli.hu\/index.php?rest_route=\/wp\/v2\/types\/page"}],"author":[{"embeddable":true,"href":"https:\/\/zoldsziget.suli.hu\/index.php?rest_route=\/wp\/v2\/users\/3"}],"replies":[{"embeddable":true,"href":"https:\/\/zoldsziget.suli.hu\/index.php?rest_route=%2Fwp%2Fv2%2Fcomments&post=1004"}],"version-history":[{"count":3,"href":"https:\/\/zoldsziget.suli.hu\/index.php?rest_route=\/wp\/v2\/pages\/1004\/revisions"}],"predecessor-version":[{"id":1023,"href":"https:\/\/zoldsziget.suli.hu\/index.php?rest_route=\/wp\/v2\/pages\/1004\/revisions\/1023"}],"wp:attachment":[{"href":"https:\/\/zoldsziget.suli.hu\/index.php?rest_route=%2Fwp%2Fv2%2Fmedia&parent=1004"}],"curies":[{"name":"wp","href":"https:\/\/api.w.org\/{rel}","templated":true}]}}