{"id":1268,"date":"2026-01-16T10:20:00","date_gmt":"2026-01-16T09:20:00","guid":{"rendered":"https:\/\/zoldsziget.suli.hu\/?page_id=1268"},"modified":"2026-01-16T10:21:02","modified_gmt":"2026-01-16T09:21:02","slug":"szmsz","status":"publish","type":"page","link":"https:\/\/zoldsziget.suli.hu\/?page_id=1268","title":{"rendered":"SZMSZ"},"content":{"rendered":"\t\t<div data-elementor-type=\"wp-page\" data-elementor-id=\"1268\" class=\"elementor elementor-1268\">\n\t\t\t\t<div class=\"elementor-element elementor-element-5d19a62 e-flex e-con-boxed e-con e-parent\" data-id=\"5d19a62\" data-element_type=\"container\" data-e-type=\"container\">\n\t\t\t\t\t<div class=\"e-con-inner\">\n\t\t\t\t<div class=\"elementor-element elementor-element-c89333b elementor-widget elementor-widget-text-editor\" data-id=\"c89333b\" data-element_type=\"widget\" data-e-type=\"widget\" data-widget_type=\"text-editor.default\">\n\t\t\t\t<div class=\"elementor-widget-container\">\n\t\t\t\t\t\t\t\t\t<p><a href=\"https:\/\/zoldsziget.suli.hu\/wp-content\/uploads\/2026\/01\/SZMSZ_2022zaradekolva_modositott-kozzetett-1.pdf\">SZMSZ_2022z\u00e1rad\u00e9kolva_+m\u00f3dos\u00edtott k\u00f6zz\u00e9tett<\/a><\/p>\t\t\t\t\t\t\t\t<\/div>\n\t\t\t\t<\/div>\n\t\t\t\t\t<\/div>\n\t\t\t\t<\/div>\n\t\t\t\t<\/div>\n\t\t","protected":false},"excerpt":{"rendered":"<p>SZMSZ_2022z\u00e1rad\u00e9kolva_+m\u00f3dos\u00edtott k\u00f6zz\u00e9tett<\/p>\n","protected":false},"author":3,"featured_media":0,"parent":0,"menu_order":0,"comment_status":"closed","ping_status":"closed","template":"","meta":{"footnotes":""},"class_list":["post-1268","page","type-page","status-publish","hentry"],"_links":{"self":[{"href":"https:\/\/zoldsziget.suli.hu\/index.php?rest_route=\/wp\/v2\/pages\/1268","targetHints":{"allow":["GET"]}}],"collection":[{"href":"https:\/\/zoldsziget.suli.hu\/index.php?rest_route=\/wp\/v2\/pages"}],"about":[{"href":"https:\/\/zoldsziget.suli.hu\/index.php?rest_route=\/wp\/v2\/types\/page"}],"author":[{"embeddable":true,"href":"https:\/\/zoldsziget.suli.hu\/index.php?rest_route=\/wp\/v2\/users\/3"}],"replies":[{"embeddable":true,"href":"https:\/\/zoldsziget.suli.hu\/index.php?rest_route=%2Fwp%2Fv2%2Fcomments&post=1268"}],"version-history":[{"count":4,"href":"https:\/\/zoldsziget.suli.hu\/index.php?rest_route=\/wp\/v2\/pages\/1268\/revisions"}],"predecessor-version":[{"id":1274,"href":"https:\/\/zoldsziget.suli.hu\/index.php?rest_route=\/wp\/v2\/pages\/1268\/revisions\/1274"}],"wp:attachment":[{"href":"https:\/\/zoldsziget.suli.hu\/index.php?rest_route=%2Fwp%2Fv2%2Fmedia&parent=1268"}],"curies":[{"name":"wp","href":"https:\/\/api.w.org\/{rel}","templated":true}]}}