{"id":158,"date":"2019-01-07T08:39:24","date_gmt":"2019-01-07T08:39:24","guid":{"rendered":"https:\/\/themesvila.com\/themes-wp\/playstone\/?page_id=158"},"modified":"2025-10-18T08:47:12","modified_gmt":"2025-10-18T06:47:12","slug":"about","status":"publish","type":"page","link":"https:\/\/zoldsziget.suli.hu\/?page_id=158","title":{"rendered":"Az iskola t\u00f6rt\u00e9nete &#8211; M\u00faltunk \u00e9s jelen\u00fcnk"},"content":{"rendered":"\t\t<div data-elementor-type=\"wp-post\" data-elementor-id=\"158\" class=\"elementor elementor-158\">\n\t\t\t\t<div class=\"elementor-element elementor-element-5980e15 e-flex e-con-boxed e-con e-parent\" data-id=\"5980e15\" data-element_type=\"container\" data-e-type=\"container\">\n\t\t\t\t\t<div class=\"e-con-inner\">\n\t\t\t\t<div class=\"elementor-element elementor-element-fbff094 elementor-absolute elementor-widget-divider--view-line elementor-widget elementor-widget-divider\" data-id=\"fbff094\" data-element_type=\"widget\" data-e-type=\"widget\" data-settings=\"{&quot;_position&quot;:&quot;absolute&quot;}\" data-widget_type=\"divider.default\">\n\t\t\t\t<div class=\"elementor-widget-container\">\n\t\t\t\t\t\t\t<div class=\"elementor-divider\">\n\t\t\t<span class=\"elementor-divider-separator\">\n\t\t\t\t\t\t<\/span>\n\t\t<\/div>\n\t\t\t\t\t\t<\/div>\n\t\t\t\t<\/div>\n\t\t\t\t\t<\/div>\n\t\t\t\t<\/div>\n\t\t<div class=\"elementor-element elementor-element-e425b74 e-flex e-con-boxed e-con e-parent\" data-id=\"e425b74\" data-element_type=\"container\" data-e-type=\"container\">\n\t\t\t\t\t<div class=\"e-con-inner\">\n\t\t\t\t<div class=\"elementor-element elementor-element-7344797 elementor-absolute elementor-widget-divider--view-line elementor-widget elementor-widget-divider\" data-id=\"7344797\" data-element_type=\"widget\" data-e-type=\"widget\" data-settings=\"{&quot;_position&quot;:&quot;absolute&quot;}\" data-widget_type=\"divider.default\">\n\t\t\t\t<div class=\"elementor-widget-container\">\n\t\t\t\t\t\t\t<div class=\"elementor-divider\">\n\t\t\t<span class=\"elementor-divider-separator\">\n\t\t\t\t\t\t<\/span>\n\t\t<\/div>\n\t\t\t\t\t\t<\/div>\n\t\t\t\t<\/div>\n\t\t\t\t\t<\/div>\n\t\t\t\t<\/div>\n\t\t<div class=\"elementor-element elementor-element-962b16b e-flex e-con-boxed e-con e-parent\" data-id=\"962b16b\" data-element_type=\"container\" data-e-type=\"container\">\n\t\t\t\t\t<div class=\"e-con-inner\">\n\t\t\t\t<div class=\"elementor-element elementor-element-374d585 elementor-widget elementor-widget-heading\" data-id=\"374d585\" data-element_type=\"widget\" data-e-type=\"widget\" data-widget_type=\"heading.default\">\n\t\t\t\t<div class=\"elementor-widget-container\">\n\t\t\t\t\t<h2 class=\"elementor-heading-title elementor-size-default\">Iskol\u00e1nkr\u00f3l<\/h2>\t\t\t\t<\/div>\n\t\t\t\t<\/div>\n\t\t\t\t\t<\/div>\n\t\t\t\t<\/div>\n\t\t<div class=\"elementor-element elementor-element-b8468e8 e-flex e-con-boxed e-con e-parent\" data-id=\"b8468e8\" data-element_type=\"container\" data-e-type=\"container\">\n\t\t\t\t\t<div class=\"e-con-inner\">\n\t\t\t\t<div class=\"elementor-element elementor-element-7552588 elementor-widget elementor-widget-text-editor\" data-id=\"7552588\" data-element_type=\"widget\" data-e-type=\"widget\" data-widget_type=\"text-editor.default\">\n\t\t\t\t<div class=\"elementor-widget-container\">\n\t\t\t\t\t\t\t\t\t<p>Szigetmonostoron a XVIII. sz\u00e1zad k\u00f6zep\u00e9n l\u00e9tes\u00fclt az els\u0151 iskola. Ez azonban nem jelenti az oktat\u00e1s teljes hi\u00e1ny\u00e1t az ezt megel\u0151z\u0151 id\u0151kben.<\/p><p>Az 1214-ben Tiburc isp\u00e1n \u00e1ltal a Nagy-Duna partj\u00e1n alap\u00edtott benc\u00e9s kolostor alapvet\u0151en a paps\u00e1g ut\u00e1np\u00f3tl\u00e1s\u00e1t szolg\u00e1lta. A monostori n\u00e9p iskol\u00e1ztat\u00e1sa a protestantizmus magyarorsz\u00e1gi megjelen\u00e9s\u00e9vel egy id\u0151ben kezd\u0151d\u00f6tt. A kolostorban l\u00e9v\u0151 iskol\u00e1ban a budai f\u0151iskola professzorai \u00e9s tan\u00edt\u00f3i 1521 \u00e9s 1524 k\u00f6z\u00f6tt nemcsak a reform\u00e1ci\u00f3 tanaival ismertett\u00e9k meg az embereket, hanem az \u00edr\u00e1s-olvas\u00e1s oktat\u00e1s\u00e1t is megkezdt\u00e9k. 1541-ben a t\u00f6r\u00f6k\u00f6k feld\u00falt\u00e1k a falut, s a n\u00e9p a reform\u00e1tus lelk\u00e9sz seg\u00edts\u00e9g\u00e9vel a falu jelenlegi hely\u00e9re menek\u00fclt. A t\u00f6r\u00f6k h\u00f3dolts\u00e1g idej\u00e9n a n\u00e9p tan\u00edt\u00e1sa a h\u00e1tt\u00e9rbe szorult.<\/p><p>A falu reform\u00e1tus lakoss\u00e1ga 1735-t\u0151l alkalmazott rendszeresen iskolamestert. Az els\u0151 iskola\u00e9p\u00fcletet pedig 1753-ban adt\u00e1k \u00e1t, a reform\u00e1tus templom mellett.<\/p><p>A XVIII. sz\u00e1zad k\u00f6zep\u00e9n Hor\u00e1nyi G\u00e1bor katolikus alisp\u00e1n lett a falu f\u00f6ldesura, aki katolikus lakosokat telep\u00edtett Monostorra. Ett\u0151l kezdve a falu k\u00e9t vall\u00e1s\u00fa. 1752-ben fel\u00e9p\u00fclt a katolikus templom, 1768-ban pedig a pl\u00e9b\u00e1nia \u00e9p\u00fclet\u00e9t adt\u00e1k \u00e1t, ahol az iskolamester h\u00e1za is helyet kapott, s megnyitotta kapuit a katolikus iskola is. A reform\u00e1tus \u00e9s a katolikus lakoss\u00e1g egym\u00e1ssal nem \u00e9rintkezett, az iskol\u00e1s gyerekek sem ismert\u00e9k a m\u00e1sik iskola tanul\u00f3it. A k\u00e9t iskola ellen\u00e9re az emberek nagy t\u00f6bbs\u00e9ge a XVIII. sz\u00e1zad v\u00e9g\u00e9n m\u00e9g \u00edr\u00e1studatlan, hisz f\u0151k\u00e9nt hittant oktattak a gyerekeknek.<\/p><p>A XIX. sz\u00e1zad k\u00f6zep\u00e9ig n\u0151tt az iskol\u00e1ba j\u00e1r\u00f3k \u00e9s ezzel egy\u00fctt az \u00edrni tud\u00f3k sz\u00e1ma is.<\/p><p>Az 1838-as \u00e1rv\u00edz k\u00f6vetkezt\u00e9ben \u00f6sszed\u0151lt a reform\u00e1tus iskola \u00e9s a katolikus iskola \u00e9p\u00fclete is megs\u00e9r\u00fclt. R\u00f6vid id\u0151n bel\u00fcl mindk\u00e9t iskola \u00fajra m\u0171k\u00f6d\u00f6tt, s a mai napig is \u00e1llnak, a k\u00e9t egyh\u00e1z tulajdon\u00e1ban vannak.<\/p><p>Az 1868-as n\u00e9piskolai t\u00f6rv\u00e9ny k\u00f6telez\u0151v\u00e9 tette a 6-12 \u00e9ves koroszt\u00e1ly sz\u00e1m\u00e1ra az als\u00f3 elemi iskola elv\u00e9gz\u00e9s\u00e9t. Monostoron ennek k\u00f6vetkezt\u00e9ben jelent\u0151sen megn\u0151tt a k\u00e9t felekezteti iskola tanul\u00f3inak l\u00e9tsz\u00e1ma. A pecs\u00e9teken a \u201eR\u00f3mai katolikus n\u00e9piskola\u201d \u00e9s a \u201eReform\u00e1tus elemi iskola\u201d elnevez\u00e9s olvashat\u00f3. A t\u00f6rv\u00e9ny ellen\u00e9re csak vall\u00e1stant, olvas\u00e1st, \u00edr\u00e1st \u00e9s egy kis sz\u00e1mtant tan\u00edtottak a kur\u00e1tori jegyz\u0151k\u00f6nyvek szerint.<\/p><p>A XX. sz\u00e1zad elej\u00e9t\u0151l n\u0151tt az iskol\u00e1kban oktatott tant\u00e1rgyak sz\u00e1ma. Ekkor m\u00e9g mindig egy\u00fctt tanult a 6 oszt\u00e1ly \u00e9s d\u00e9lel\u0151tt \u00e9s d\u00e9lut\u00e1n is volt oktat\u00e1s. A 30-as \u00e9vekt\u0151l m\u00e1r k\u00e9t tan\u00edt\u00f3t alkalmaztak mindk\u00e9t iskol\u00e1ban. Az 1-3. \u00e9s a 4-6. oszt\u00e1lyok m\u00e1r k\u00fcl\u00f6n tanteremben tanultak.<\/p><p>1940-ben a F\u0151v\u00e1rosi V\u00edzm\u0171vek seg\u00edts\u00e9g\u00e9vel b\u0151v\u00edtett\u00e9k az iskol\u00e1kat, s a 2. vil\u00e1gh\u00e1bor\u00fa \u00e9veiben m\u00e1r \u201ecsak\u201d 2-2 oszt\u00e1ly tanult egy\u00fctt.<\/p><p>1945 szeptember\u00e9t\u0151l Monostoron is megindult a 8 oszt\u00e1lyos oktat\u00e1s.<\/p><p>1948-ban \u00e1llamos\u00edtott\u00e1k az egyh\u00e1zi iskol\u00e1kat, \u00e9s a katolikus \u00e9s reform\u00e1tus iskola helyett m\u00e1r a Szigetmonostori \u00c1llami \u00c1ltal\u00e1nos Iskola l\u00e1tta el a monostori gyerekek oktat\u00e1s\u00e1t. Az \u00e1ltal\u00e1nos iskola els\u0151 igazgat\u00f3j\u00e1nak R\u00e9giusz Lajost (1902-1980) nevezt\u00e9k ki, aki m\u00e1r 1926-t\u00f3l a reform\u00e1tus iskola igazgat\u00f3ja volt. 1956-ig ir\u00e1ny\u00edtotta az \u00e1ltal\u00e1nos iskola munk\u00e1j\u00e1t, amely a volt katolikus \u00e9s reform\u00e1tus iskola tantermeiben m\u0171k\u00f6d\u00f6tt r\u00e9szben osztott iskolak\u00e9nt a tanteremhi\u00e1ny miatt. (4 \u00e9p\u00fclet 6 tanterm\u00e9ben folyt a tan\u00edt\u00e1s.) 1949-ben alakult meg az Ady Endre (1950-t\u0151l Zr\u00ednyi Mikl\u00f3s) \u00fatt\u00f6r\u0151csapat, mely 1991-ig m\u0171k\u00f6d\u00f6tt.<\/p><p>Az iskola mai \u00e9p\u00fclet\u00e9t 1958. szeptember 1-j\u00e9n adt\u00e1k \u00e1t, 8 tanteremmel. 189 tanul\u00f3 kezdte meg a tan\u00e9vet \u00e9s 10 pedag\u00f3gus tan\u00edtott itt ekkor.<\/p><p>1968-ban ker\u00fclt sor az \u00faj iskola\u00e9p\u00fclet els\u0151 b\u0151v\u00edt\u00e9s\u00e9re. Egy nagy tanteremmel (a testnevel\u00e9s \u00f3r\u00e1kat tartott\u00e1k itt) \u00e9s egy szert\u00e1rral gyarapodott az \u00e9p\u00fclet.<\/p><ol start=\"1976\"><li>szeptember 1-j\u00e9n az iskola k\u00f6rzeti \u00e1ltal\u00e1nos iskol\u00e1v\u00e1 v\u00e1lt, Le\u00e1nyfalu helyett a p\u00f3csmegyeri gyerekek is Szigetmonostorra j\u00e1rtak ett\u0151l kezdve. Az iskol\u00e1hoz \u00edgy hozz\u00e1tartozik a p\u00f3csmegyeri tagiskola 2 tanteremmel (\u00e1ltal\u00e1ban az els\u0151 \u00e9s m\u00e1sodik oszt\u00e1lyok tanulnak itt). Az iskola ir\u00e1ny\u00edt\u00e1sa al\u00e1 tartozik a szigetmonostori \u00e9s a p\u00f3csmegyeri \u00f3voda is.<\/li><\/ol><p>1980-ban egy tornateremmel, 2 \u00f6lt\u00f6z\u0151vel \u00e9s mell\u00e9khelyis\u00e9gekkel b\u0151v\u00fclt az iskola. A falu lak\u00f3i jelent\u0151s t\u00e1rsadalmi munk\u00e1val j\u00e1rultak hozz\u00e1 az \u00e9p\u00edtkez\u00e9shez.<\/p><p>1987-ben az iskola elnyerte a 7+1 sportverseny els\u0151 d\u00edj\u00e1t (100 ezer forintot), melyet egy bitumenes k\u00e9zilabda p\u00e1lya \u00e9p\u00edt\u00e9s\u00e9re ford\u00edtott.<\/p><p>Ugyanebben az \u00e9vben a p\u00f3csmegyeri k\u00e9t tanterem egy modern zsibong\u00f3val b\u0151v\u00fclt.<\/p><p>1988-ban a k\u00e9t \u00f3voda a k\u00e9t k\u00f6zs\u00e9g tan\u00e1cs\u00e1nak ir\u00e1ny\u00edt\u00e1sa al\u00e1 ker\u00fclt. Az \u00e1ltal\u00e1nos iskola tev\u00e9kenys\u00e9gi k\u00f6r\u00e9be ker\u00fclt viszont a K\u00f6zs\u00e9gi K\u00f6nyvt\u00e1r \u00e9s M\u0171vel\u0151d\u00e9si h\u00e1z. Ett\u0151l kezdve az iskola hivatalos neve: K\u00f6rzeti \u00c1ltal\u00e1nos Iskola \u00e9s M\u0171vel\u0151d\u00e9si h\u00e1z.<\/p><p>Az 1989\/90. tan\u00e9vt\u0151l az iskola tanul\u00f3i az orosz nyelv helyett az angol vagy a n\u00e9met nyelvet tanulhatj\u00e1k.<\/p><p>1991-t\u0151l az iskola neve \u00c1ltal\u00e1nos Oktat\u00e1si \u00e9s K\u00f6zm\u0171vel\u0151d\u00e9si Int\u00e9zm\u00e9nyre m\u00f3dosult.<\/p><p>1991 nyar\u00e1n az iskola igazgat\u00f3ja, Kiss K\u00e1roly partner kapcsolatot alak\u00edtott ki a n\u00e9met Biessenhofen iskol\u00e1j\u00e1val, mely napjainkban is m\u0171k\u00f6dik.<\/p><p>1991 \u0151sz\u00e9t\u0151l az iskola tanul\u00f3i rendszeres \u00fasz\u00e1soktat\u00e1son vesznek r\u00e9szt Szentendr\u00e9n.<\/p><p>1992-ben kezd\u0151d\u00f6tt a sz\u00e1m\u00edt\u00e1stechnika oktat\u00e1sa.<\/p><p>1991-92. folyam\u00e1n az iskola m\u00f6g\u00f6tt camping udvar kialak\u00edt\u00e1s\u00e1ra ker\u00fclt sor, ahol m\u00e1r sok iskola tanul\u00f3i t\u00e1boroztak. 1992 \u00f3ta a di\u00e1kok sz\u00e1m\u00e1ra szakt\u00e1rgyi p\u00e1ly\u00e1zatokat \u00edrnak ki a szaktan\u00e1rok.<\/p><p>Az 1992\/93. tan\u00e9vben ker\u00fclt sor a vizsgarendszer bevezet\u00e9s\u00e9re a 6. \u00e9s 8. \u00e9vfolyamon.<\/p><p>1995-t\u0151l logop\u00e9diai foglalkoz\u00e1s is indult iskol\u00e1nkban.<\/p><p>Iskol\u00e1nk zeneiskolai tagozata 1995-ben kezdte meg munk\u00e1j\u00e1t, de a zeneoktat\u00e1s sz\u00fcks\u00e9gess\u00e9ge, a k\u00f6rzeti iskola megsz\u00fclet\u00e9se, 1976 \u00f3ta gyakran felvet\u0151d\u00f6tt. Az 1993\/94. tan\u00e9vben szakk\u00f6ri jelleg\u0171 foglalkoz\u00e1ssal alapoztuk meg, majd 95-ben val\u00f3ban megkezdte m\u0171k\u00f6d\u00e9s\u00e9t iskol\u00e1nk zeneiskolai tagozata. M\u00e1ra t\u00f6bb mint 100 n\u00f6vend\u00e9kkel, 7 tan\u00e1rral, 6 zenei tanszakon folyik oktat\u00e1s (furulya, fuvola, git\u00e1r, heged\u0171, r\u00e9zf\u00fav\u00f3s, zongora). B\u00fcszk\u00e9k vagyunk arra, hogy iskol\u00e1nk a k\u00f6zs\u00e9g \u00e9s a kist\u00e9rs\u00e9g fontos zenei centrum\u00e1v\u00e1 v\u00e1lt.<\/p><p>Iskol\u00e1nk hat \u00e9vvel ezel\u0151tt, 2001-ben, a t\u00e1ncm\u0171v\u00e9szeti tagozattal, azon bel\u00fcl n\u00e9pt\u00e1nc tanszakkal b\u0151v\u00fclt. N\u00f6vend\u00e9keink 8 csoportban tanulnak n\u00e9pt\u00e1ncot, egy-egy csoportban pedig folkl\u00f3rismeretet \u00e9s n\u00e9pi \u00e9neket. T\u00e1ncos \u00e9s \u00e9nekes produkci\u00f3ik a falusi \u00e9s iskolai \u00fcnneps\u00e9geket sz\u00ednes\u00edtik, n\u00e9pi \u00e9nekeseink pedig \u00e9vek \u00f3ta kiemelked\u0151en szerepelnek a k\u00f6rzeti \u00e9s megyei n\u00e9pdal\u00e9nekl\u00e9si versenyeken. 2003-ban \u00fajabb l\u00e9p\u00e9sk\u00e9nt k\u00e9pz\u0151- \u00e9s iparm\u0171v\u00e9szeti tagozattal, t\u0171zzom\u00e1nc tanszakkal sz\u00e9lesedett iskol\u00e1nk k\u00edn\u00e1lata. Tanul\u00f3ink sz\u00e1mos hazai \u00e9s k\u00fclf\u00f6ldi ki\u00e1ll\u00edt\u00e1s \u00e9s p\u00e1ly\u00e1zat rendszeres r\u00e9sztvev\u0151i, d\u00edjazottjai.<\/p><p>2004-t\u0151l az int\u00e9zm\u00e9ny neve: Z\u00f6ldsziget K\u00f6rzeti \u00c1ltal\u00e1nos Iskola, Alapfok\u00fa M\u0171v\u00e9szetoktat\u00e1si Int\u00e9zm\u00e9ny. Alaptev\u00e9kenys\u00e9g\u00fcnkbe tartozik: \u00e1ltal\u00e1nos iskolai nappali rendszer\u0171 nevel\u00e9s, oktat\u00e1s, saj\u00e1tos nevel\u00e9si ig\u00e9ny\u0171 tanul\u00f3k nappali rendszer\u0171 \u00e1ltal\u00e1nos iskolai nevel\u00e9se, oktat\u00e1sa, alapfok\u00fa m\u0171v\u00e9szeti oktat\u00e1s, napk\u00f6zi otthoni \u00e9s tanul\u00f3szobai foglalkoz\u00e1s, gyermek- \u00e9s ifj\u00fas\u00e1gv\u00e9delem.<\/p><p>2007-ben a nevel\u0151test\u00fclet bevette a helyi tantervbe az 1-2. \u00e9vfolyamon a k\u00f6telez\u0151 \u00fasz\u00e1soktat\u00e1st, melynek finansz\u00edroz\u00e1s\u00e1t a F\u0151v\u00e1rosi V\u00edzm\u0171vek ZRT t\u00e1mogat\u00e1s\u00e1val az iskol\u00e1t t\u00e1mogat\u00f3 alap\u00edtv\u00e1ny v\u00e9gzi. 2007 december\u00e9re z\u00e1rult le a m\u0171v\u00e9szeti iskola min\u0151s\u00edt\u0151 elj\u00e1r\u00e1sa, s az iskola minden di\u00e1kja \u00e9s dolgoz\u00f3ja \u0151szint\u00e9n \u00f6r\u00fclt a kiv\u00e1l\u00f3ra min\u0151s\u00edtett alapfok\u00fa int\u00e9zm\u00e9ny c\u00edm elnyer\u00e9s\u00e9nek.<\/p><p>2007-t\u0151l az int\u00e9zm\u00e9ny vezet\u0151je Szente S\u00e1ndorn\u00e9.<\/p><p>2008-ban meg\u00fajult az udvarunk, s \u00e9v v\u00e9g\u00e9n \u00f6r\u00f6mteli h\u00edr \u00e9rte a fenntart\u00f3 k\u00e9t \u00f6nkorm\u00e1nyzatot: 250 milli\u00f3 forint \u00e1llami t\u00e1mogat\u00e1st kapott Szigetmonostor az iskola b\u0151v\u00edt\u00e9s\u00e9re, fel\u00faj\u00edt\u00e1s\u00e1ra.<\/p><p>2010-ben meg\u00e9p\u00fclt az iskola \u00faj sz\u00e1rnya, ahol nyelvi labor \u00e9s 30 munka\u00e1llom\u00e1s\u00fa informatika terem kapott helyet.<\/p>\t\t\t\t\t\t\t\t<\/div>\n\t\t\t\t<\/div>\n\t\t\t\t\t<\/div>\n\t\t\t\t<\/div>\n\t\t\t\t<\/div>\n\t\t","protected":false},"excerpt":{"rendered":"<p>Iskol\u00e1nkr\u00f3l Szigetmonostoron a XVIII. sz\u00e1zad k\u00f6zep\u00e9n l\u00e9tes\u00fclt az els\u0151 iskola. Ez azonban nem jelenti az oktat\u00e1s teljes hi\u00e1ny\u00e1t az ezt megel\u0151z\u0151 id\u0151kben. Az 1214-ben Tiburc isp\u00e1n \u00e1ltal a Nagy-Duna partj\u00e1n alap\u00edtott benc\u00e9s kolostor alapvet\u0151en a paps\u00e1g ut\u00e1np\u00f3tl\u00e1s\u00e1t szolg\u00e1lta. A monostori [&hellip;]<\/p>\n","protected":false},"author":1,"featured_media":0,"parent":0,"menu_order":0,"comment_status":"closed","ping_status":"closed","template":"page-builder.php","meta":{"footnotes":""},"class_list":["post-158","page","type-page","status-publish","hentry"],"_links":{"self":[{"href":"https:\/\/zoldsziget.suli.hu\/index.php?rest_route=\/wp\/v2\/pages\/158","targetHints":{"allow":["GET"]}}],"collection":[{"href":"https:\/\/zoldsziget.suli.hu\/index.php?rest_route=\/wp\/v2\/pages"}],"about":[{"href":"https:\/\/zoldsziget.suli.hu\/index.php?rest_route=\/wp\/v2\/types\/page"}],"author":[{"embeddable":true,"href":"https:\/\/zoldsziget.suli.hu\/index.php?rest_route=\/wp\/v2\/users\/1"}],"replies":[{"embeddable":true,"href":"https:\/\/zoldsziget.suli.hu\/index.php?rest_route=%2Fwp%2Fv2%2Fcomments&post=158"}],"version-history":[{"count":68,"href":"https:\/\/zoldsziget.suli.hu\/index.php?rest_route=\/wp\/v2\/pages\/158\/revisions"}],"predecessor-version":[{"id":995,"href":"https:\/\/zoldsziget.suli.hu\/index.php?rest_route=\/wp\/v2\/pages\/158\/revisions\/995"}],"wp:attachment":[{"href":"https:\/\/zoldsziget.suli.hu\/index.php?rest_route=%2Fwp%2Fv2%2Fmedia&parent=158"}],"curies":[{"name":"wp","href":"https:\/\/api.w.org\/{rel}","templated":true}]}}