{"id":160,"date":"2019-01-07T08:39:58","date_gmt":"2019-01-07T08:39:58","guid":{"rendered":"https:\/\/themesvila.com\/themes-wp\/playstone\/?page_id=160"},"modified":"2026-02-25T15:19:04","modified_gmt":"2026-02-25T14:19:04","slug":"our-course","status":"publish","type":"page","link":"https:\/\/zoldsziget.suli.hu\/?page_id=160","title":{"rendered":"Fontos inform\u00e1ci\u00f3k"},"content":{"rendered":"\t\t<div data-elementor-type=\"wp-post\" data-elementor-id=\"160\" class=\"elementor elementor-160\">\n\t\t\t\t<div class=\"elementor-element elementor-element-6bc3189 e-flex e-con-boxed e-con e-parent\" data-id=\"6bc3189\" data-element_type=\"container\" data-e-type=\"container\">\n\t\t\t\t\t<div class=\"e-con-inner\">\n\t\t\t\t<div class=\"elementor-element elementor-element-b4d3916 elementor-widget elementor-widget-text-editor\" data-id=\"b4d3916\" data-element_type=\"widget\" data-e-type=\"widget\" data-widget_type=\"text-editor.default\">\n\t\t\t\t<div class=\"elementor-widget-container\">\n\t\t\t\t\t\t\t\t\t<p>Az al\u00e1bbi linkre kattintva t\u00e1j\u00e9koz\u00f3dhat:<\/p>\t\t\t\t\t\t\t\t<\/div>\n\t\t\t\t<\/div>\n\t\t\t\t\t<\/div>\n\t\t\t\t<\/div>\n\t\t<div class=\"elementor-element elementor-element-67bba83 e-flex e-con-boxed e-con e-parent\" data-id=\"67bba83\" data-element_type=\"container\" data-e-type=\"container\">\n\t\t\t\t\t<div class=\"e-con-inner\">\n\t\t<div class=\"elementor-element elementor-element-2159c9f e-con-full e-flex e-con e-child\" data-id=\"2159c9f\" data-element_type=\"container\" data-e-type=\"container\">\n\t\t\t\t<div class=\"elementor-element elementor-element-22f2312 elementor-widget elementor-widget-text-editor\" data-id=\"22f2312\" data-element_type=\"widget\" data-e-type=\"widget\" data-widget_type=\"text-editor.default\">\n\t\t\t\t<div class=\"elementor-widget-container\">\n\t\t\t\t\t\t\t\t\t<p><a href=\"https:\/\/zoldsziget.suli.hu\/wp-content\/uploads\/2025\/11\/Tovabbtanulas-2025-26-1.pptx\">Tovabbtanulas-2025-26-1<\/a><\/p>\t\t\t\t\t\t\t\t<\/div>\n\t\t\t\t<\/div>\n\t\t\t\t<\/div>\n\t\t\t\t\t<\/div>\n\t\t\t\t<\/div>\n\t\t\t\t<\/div>\n\t\t","protected":false},"excerpt":{"rendered":"<p>Az al\u00e1bbi linkre kattintva t\u00e1j\u00e9koz\u00f3dhat: Tovabbtanulas-2025-26-1<\/p>\n","protected":false},"author":1,"featured_media":0,"parent":0,"menu_order":0,"comment_status":"closed","ping_status":"closed","template":"page-builder.php","meta":{"footnotes":""},"class_list":["post-160","page","type-page","status-publish","hentry"],"_links":{"self":[{"href":"https:\/\/zoldsziget.suli.hu\/index.php?rest_route=\/wp\/v2\/pages\/160","targetHints":{"allow":["GET"]}}],"collection":[{"href":"https:\/\/zoldsziget.suli.hu\/index.php?rest_route=\/wp\/v2\/pages"}],"about":[{"href":"https:\/\/zoldsziget.suli.hu\/index.php?rest_route=\/wp\/v2\/types\/page"}],"author":[{"embeddable":true,"href":"https:\/\/zoldsziget.suli.hu\/index.php?rest_route=\/wp\/v2\/users\/1"}],"replies":[{"embeddable":true,"href":"https:\/\/zoldsziget.suli.hu\/index.php?rest_route=%2Fwp%2Fv2%2Fcomments&post=160"}],"version-history":[{"count":137,"href":"https:\/\/zoldsziget.suli.hu\/index.php?rest_route=\/wp\/v2\/pages\/160\/revisions"}],"predecessor-version":[{"id":1370,"href":"https:\/\/zoldsziget.suli.hu\/index.php?rest_route=\/wp\/v2\/pages\/160\/revisions\/1370"}],"wp:attachment":[{"href":"https:\/\/zoldsziget.suli.hu\/index.php?rest_route=%2Fwp%2Fv2%2Fmedia&parent=160"}],"curies":[{"name":"wp","href":"https:\/\/api.w.org\/{rel}","templated":true}]}}