{"id":601,"date":"2025-06-18T15:08:44","date_gmt":"2025-06-18T13:08:44","guid":{"rendered":"http:\/\/zoldsziget.fabi.hu\/?page_id=601"},"modified":"2025-06-18T15:23:33","modified_gmt":"2025-06-18T13:23:33","slug":"a-sziget-titka","status":"publish","type":"page","link":"https:\/\/zoldsziget.suli.hu\/?page_id=601","title":{"rendered":"A sziget titka"},"content":{"rendered":"\t\t<div data-elementor-type=\"wp-page\" data-elementor-id=\"601\" class=\"elementor elementor-601\">\n\t\t\t\t<div class=\"elementor-element elementor-element-9f79d7d e-flex e-con-boxed e-con e-parent\" data-id=\"9f79d7d\" data-element_type=\"container\" data-e-type=\"container\">\n\t\t\t\t\t<div class=\"e-con-inner\">\n\t\t\t\t<div class=\"elementor-element elementor-element-37b4f2b elementor-absolute elementor-widget-divider--view-line elementor-widget elementor-widget-divider\" data-id=\"37b4f2b\" data-element_type=\"widget\" data-e-type=\"widget\" data-settings=\"{&quot;_position&quot;:&quot;absolute&quot;}\" data-widget_type=\"divider.default\">\n\t\t\t\t<div class=\"elementor-widget-container\">\n\t\t\t\t\t\t\t<div class=\"elementor-divider\">\n\t\t\t<span class=\"elementor-divider-separator\">\n\t\t\t\t\t\t<\/span>\n\t\t<\/div>\n\t\t\t\t\t\t<\/div>\n\t\t\t\t<\/div>\n\t\t\t\t\t<\/div>\n\t\t\t\t<\/div>\n\t\t<div class=\"elementor-element elementor-element-fe7c1db e-flex e-con-boxed e-con e-parent\" data-id=\"fe7c1db\" data-element_type=\"container\" data-e-type=\"container\">\n\t\t\t\t\t<div class=\"e-con-inner\">\n\t\t\t\t<div class=\"elementor-element elementor-element-dd2ee2f elementor-widget elementor-widget-spacer\" data-id=\"dd2ee2f\" data-element_type=\"widget\" data-e-type=\"widget\" data-widget_type=\"spacer.default\">\n\t\t\t\t<div class=\"elementor-widget-container\">\n\t\t\t\t\t\t\t<div class=\"elementor-spacer\">\n\t\t\t<div class=\"elementor-spacer-inner\"><\/div>\n\t\t<\/div>\n\t\t\t\t\t\t<\/div>\n\t\t\t\t<\/div>\n\t\t\t\t\t<\/div>\n\t\t\t\t<\/div>\n\t\t<div class=\"elementor-element elementor-element-b3e43af e-flex e-con-boxed e-con e-parent\" data-id=\"b3e43af\" data-element_type=\"container\" data-e-type=\"container\">\n\t\t\t\t\t<div class=\"e-con-inner\">\n\t\t\t\t<div class=\"elementor-element elementor-element-aadd276 elementor-widget elementor-widget-text-editor\" data-id=\"aadd276\" data-element_type=\"widget\" data-e-type=\"widget\" data-widget_type=\"text-editor.default\">\n\t\t\t\t<div class=\"elementor-widget-container\">\n\t\t\t\t\t\t\t\t\t<p><a href=\"https:\/\/www.zoldsziget.suli.hu\/images\/Aszigettitka\/A_sziget_titka_2022_1.pdf\">A sziget titka 2022\/2023 tan\u00e9v 1. sz\u00e1m<\/a><\/p><p><a href=\"https:\/\/www.zoldsziget.suli.hu\/images\/Aszigettitka\/A_sziget_titka_2022_1_mellklet.pdf\">A sziget titka 2022\/2023 tan\u00e9v 1. sz\u00e1m mell\u00e9klete<\/a><\/p><p><a href=\"https:\/\/www.zoldsziget.suli.hu\/images\/Aszigettitka\/A_sziget_titka_2022_2.pdf\">A sziget titka 2022\/2023 tan\u00e9v 2. sz\u00e1m<\/a><\/p><p><a href=\"https:\/\/www.zoldsziget.suli.hu\/images\/Aszigettitka\/A_sziget_titka_2022_2_mellklet.pdf\">A sziget titka 2022\/2023 tan\u00e9v 2. sz\u00e1m\u00a0 mell\u00e9klete<\/a><\/p><p><a href=\"https:\/\/www.zoldsziget.suli.hu\/images\/Aszigettitka\/A_sziget_titka_3.pdf\">A sziget titka 2022\/2023 tan\u00e9v 3. sz\u00e1m<\/a><\/p><p><a href=\"https:\/\/www.zoldsziget.suli.hu\/images\/Aszigettitka\/A_sziget_titka_3_mellklet.pdf\">A sziget titka 2022\/2023 tan\u00e9v 3. sz\u00e1m mell\u00e9klete<\/a><\/p><p><a href=\"https:\/\/www.zoldsziget.suli.hu\/images\/Aszigettitka\/A_sziget_titka_3_klnkiads.pdf\">A sziget titka 2022\/2023 tan\u00e9v k\u00fcl\u00f6nkiad\u00e1s<\/a><\/p><p><a href=\"https:\/\/www.zoldsziget.suli.hu\/images\/Aszigettitka\/A_sziget_titka_5.pdf\">A sziget titka 2023\/2024 tan\u00e9v 1. sz\u00e1m<\/a><\/p><p><a href=\"https:\/\/www.zoldsziget.suli.hu\/images\/Aszigettitka\/A_sziget_titka_5_mell%C3%A9klet.pdf\">A sziget titka 2023\/2024 tan\u00e9v 1. sz\u00e1m mell\u00e9klete<\/a><\/p><p><a href=\"https:\/\/www.zoldsziget.suli.hu\/images\/Aszigettitka\/A_sziget_titka_2024_2.pdf\">A sziget titka 2023\/2024 tan\u00e9v 2. sz\u00e1m<\/a><\/p><p><a href=\"https:\/\/www.zoldsziget.suli.hu\/images\/Aszigettitka\/A_sziget_titka_2024_2m.pdf\">A sziget titka 2023\/2024 tan\u00e9v 2. sz\u00e1m mell\u00e9klete<\/a><\/p><p><a href=\"https:\/\/www.zoldsziget.suli.hu\/images\/Aszigettitka\/A_sziget_titka_2024_3.pdf\">A sziget titka 2023\/2024 tan\u00e9v 3. sz\u00e1m<\/a><\/p><p><a href=\"https:\/\/www.zoldsziget.suli.hu\/images\/Aszigettitka\/A_sziget_titka_2024_3m.pdf\">A sziget titka 2023\/2024 tan\u00e9v 3. sz\u00e1m mell\u00e9klete<\/a><\/p><p><a href=\"https:\/\/www.zoldsziget.suli.hu\/images\/Aszigettitka\/A_sziget_titka_20232024_tan%C3%A9v_4._sz.pdf\">A sziget titka 2023\/2024 tan\u00e9v 4. sz\u00e1m<\/a><\/p><p><a href=\"https:\/\/www.zoldsziget.suli.hu\/images\/Aszigettitka\/A_sziget_titka_20232024_tan%C3%A9v_4._sz%C3%A1m_mell%C3%A9klete.pdf\">A sziget titka 2023\/2024 tan\u00e9v 4. sz\u00e1m mell\u00e9klete<\/a><\/p><p><a href=\"https:\/\/www.zoldsziget.suli.hu\/images\/Aszigettitka\/A_sziget_titka_2024_1.pdf\">A sziget titka 2024\/2025 tan\u00e9v 1. sz\u00e1m<\/a><\/p><p><a href=\"https:\/\/www.zoldsziget.suli.hu\/images\/Aszigettitka\/A_sziget_titka_2024_1m.pdf\">A sziget titka 2024\/2025 tan\u00e9v 1. sz\u00e1m mell\u00e9klete<\/a><\/p><p><a href=\"https:\/\/www.zoldsziget.suli.hu\/images\/Aszigettitka\/A_sziget_titka_2024_2025_tan%C3%A9v_2._sz%C3%A1m.pdf\">A sziget titka 2024\/2025 tan\u00e9v 2. sz\u00e1m<\/a><\/p><p><a href=\"https:\/\/www.zoldsziget.suli.hu\/images\/Aszigettitka\/A_sziget_titka_2024_2025_tan%C3%A9v_2._sz%C3%A1m_mell%C3%A9klete.pdf\">A sziget titka 2024\/2025 tan\u00e9v 2. sz\u00e1m mell\u00e9klete<\/a><\/p><p><a href=\"https:\/\/www.zoldsziget.suli.hu\/images\/Aszigettitka\/A_sziget_titka_2024_2025_tan%C3%A9v_3-4._sz%C3%A1m.pdf\">A sziget titka 2024\/2025 tan\u00e9v 3.-4. sz\u00e1m<\/a><\/p>\t\t\t\t\t\t\t\t<\/div>\n\t\t\t\t<\/div>\n\t\t\t\t\t<\/div>\n\t\t\t\t<\/div>\n\t\t\t\t<\/div>\n\t\t","protected":false},"excerpt":{"rendered":"<p>A sziget titka 2022\/2023 tan\u00e9v 1. sz\u00e1m A sziget titka 2022\/2023 tan\u00e9v 1. sz\u00e1m mell\u00e9klete A sziget titka 2022\/2023 tan\u00e9v 2. sz\u00e1m A sziget titka 2022\/2023 tan\u00e9v 2. sz\u00e1m\u00a0 mell\u00e9klete A sziget titka 2022\/2023 tan\u00e9v 3. sz\u00e1m A sziget titka [&hellip;]<\/p>\n","protected":false},"author":1,"featured_media":0,"parent":0,"menu_order":0,"comment_status":"closed","ping_status":"closed","template":"page-builder.php","meta":{"footnotes":""},"class_list":["post-601","page","type-page","status-publish","hentry"],"_links":{"self":[{"href":"https:\/\/zoldsziget.suli.hu\/index.php?rest_route=\/wp\/v2\/pages\/601","targetHints":{"allow":["GET"]}}],"collection":[{"href":"https:\/\/zoldsziget.suli.hu\/index.php?rest_route=\/wp\/v2\/pages"}],"about":[{"href":"https:\/\/zoldsziget.suli.hu\/index.php?rest_route=\/wp\/v2\/types\/page"}],"author":[{"embeddable":true,"href":"https:\/\/zoldsziget.suli.hu\/index.php?rest_route=\/wp\/v2\/users\/1"}],"replies":[{"embeddable":true,"href":"https:\/\/zoldsziget.suli.hu\/index.php?rest_route=%2Fwp%2Fv2%2Fcomments&post=601"}],"version-history":[{"count":28,"href":"https:\/\/zoldsziget.suli.hu\/index.php?rest_route=\/wp\/v2\/pages\/601\/revisions"}],"predecessor-version":[{"id":631,"href":"https:\/\/zoldsziget.suli.hu\/index.php?rest_route=\/wp\/v2\/pages\/601\/revisions\/631"}],"wp:attachment":[{"href":"https:\/\/zoldsziget.suli.hu\/index.php?rest_route=%2Fwp%2Fv2%2Fmedia&parent=601"}],"curies":[{"name":"wp","href":"https:\/\/api.w.org\/{rel}","templated":true}]}}