{"id":910,"date":"2025-09-29T10:29:41","date_gmt":"2025-09-29T08:29:41","guid":{"rendered":"https:\/\/zoldsziget.suli.hu\/?page_id=910"},"modified":"2025-09-29T11:25:56","modified_gmt":"2025-09-29T09:25:56","slug":"sportkorok-szakkorok","status":"publish","type":"page","link":"https:\/\/zoldsziget.suli.hu\/?page_id=910","title":{"rendered":"Sportk\u00f6r\u00f6k-szakk\u00f6r\u00f6k"},"content":{"rendered":"\n<p class=\"has-text-align-center\"><strong>N\u00e9pt\u00e1nc<\/strong><\/p>\n\n\n\n<ul class=\"wp-block-list\"><\/ul>\n\n\n\n<figure class=\"wp-block-table\"><table class=\"has-fixed-layout\"><tbody><tr><td class=\"has-text-align-center\" data-align=\"center\">3-4-5. oszt\u00e1ly<\/td><td class=\"has-text-align-center\" data-align=\"center\">6-7-8. oszt\u00e1ly<\/td><\/tr><tr><td class=\"has-text-align-center\" data-align=\"center\">H\u00e9tf\u0151 \u00e9s cs\u00fct\u00f6rt\u00f6k 14:00-15:00<\/td><td class=\"has-text-align-center\" data-align=\"center\">H\u00e9tf\u0151 \u00e9s cs\u00fct\u00f6rt\u00f6k 15:00-16:00-ig csoportosan<\/td><\/tr><tr><td class=\"has-text-align-center\" data-align=\"center\"><\/td><td class=\"has-text-align-center\" data-align=\"center\">16:00-16:30-ig egy\u00e9ni vagy csoportos \u00f3ra<\/td><\/tr><\/tbody><\/table><\/figure>\n","protected":false},"excerpt":{"rendered":"<p>N\u00e9pt\u00e1nc 3-4-5. oszt\u00e1ly 6-7-8. oszt\u00e1ly H\u00e9tf\u0151 \u00e9s cs\u00fct\u00f6rt\u00f6k 14:00-15:00 H\u00e9tf\u0151 \u00e9s cs\u00fct\u00f6rt\u00f6k 15:00-16:00-ig csoportosan 16:00-16:30-ig egy\u00e9ni vagy csoportos \u00f3ra<\/p>\n","protected":false},"author":3,"featured_media":0,"parent":0,"menu_order":0,"comment_status":"closed","ping_status":"closed","template":"","meta":{"footnotes":""},"class_list":["post-910","page","type-page","status-publish","hentry"],"_links":{"self":[{"href":"https:\/\/zoldsziget.suli.hu\/index.php?rest_route=\/wp\/v2\/pages\/910","targetHints":{"allow":["GET"]}}],"collection":[{"href":"https:\/\/zoldsziget.suli.hu\/index.php?rest_route=\/wp\/v2\/pages"}],"about":[{"href":"https:\/\/zoldsziget.suli.hu\/index.php?rest_route=\/wp\/v2\/types\/page"}],"author":[{"embeddable":true,"href":"https:\/\/zoldsziget.suli.hu\/index.php?rest_route=\/wp\/v2\/users\/3"}],"replies":[{"embeddable":true,"href":"https:\/\/zoldsziget.suli.hu\/index.php?rest_route=%2Fwp%2Fv2%2Fcomments&post=910"}],"version-history":[{"count":2,"href":"https:\/\/zoldsziget.suli.hu\/index.php?rest_route=\/wp\/v2\/pages\/910\/revisions"}],"predecessor-version":[{"id":924,"href":"https:\/\/zoldsziget.suli.hu\/index.php?rest_route=\/wp\/v2\/pages\/910\/revisions\/924"}],"wp:attachment":[{"href":"https:\/\/zoldsziget.suli.hu\/index.php?rest_route=%2Fwp%2Fv2%2Fmedia&parent=910"}],"curies":[{"name":"wp","href":"https:\/\/api.w.org\/{rel}","templated":true}]}}