{"id":912,"date":"2025-09-29T10:29:54","date_gmt":"2025-09-29T08:29:54","guid":{"rendered":"https:\/\/zoldsziget.suli.hu\/?page_id=912"},"modified":"2025-09-29T10:40:29","modified_gmt":"2025-09-29T08:40:29","slug":"csengetesi-rend-2","status":"publish","type":"page","link":"https:\/\/zoldsziget.suli.hu\/?page_id=912","title":{"rendered":"Csenget\u00e9si rend"},"content":{"rendered":"\n<figure class=\"wp-block-table\"><table class=\"has-fixed-layout\"><tbody><tr><td class=\"has-text-align-center\" data-align=\"center\"><strong>1. \u00f3ra<\/strong><\/td><td class=\"has-text-align-center\" data-align=\"center\">8:00-8:45<\/td><\/tr><tr><td class=\"has-text-align-center\" data-align=\"center\"><strong>2. \u00f3ra<\/strong><\/td><td class=\"has-text-align-center\" data-align=\"center\">8:55-9:40<\/td><\/tr><tr><td class=\"has-text-align-center\" data-align=\"center\"><strong>3. \u00f3ra<\/strong><\/td><td class=\"has-text-align-center\" data-align=\"center\">9:55-10:40<\/td><\/tr><tr><td class=\"has-text-align-center\" data-align=\"center\"><strong>4. \u00f3ra<\/strong><\/td><td class=\"has-text-align-center\" data-align=\"center\">10:55-11:40<\/td><\/tr><tr><td class=\"has-text-align-center\" data-align=\"center\"><strong>5. \u00f3ra<\/strong><\/td><td class=\"has-text-align-center\" data-align=\"center\">11:50-12:30<\/td><\/tr><tr><td class=\"has-text-align-center\" data-align=\"center\"><strong>6. \u00f3ra<\/strong><\/td><td class=\"has-text-align-center\" data-align=\"center\">12:35-13:20<\/td><\/tr><tr><td class=\"has-text-align-center\" data-align=\"center\"><strong>7. \u00f3ra<\/strong><\/td><td class=\"has-text-align-center\" data-align=\"center\">13:25-14:10<\/td><\/tr><tr><td class=\"has-text-align-center\" data-align=\"center\"><strong>8. \u00f3ra<\/strong><\/td><td class=\"has-text-align-center\" data-align=\"center\">14:10-14:55<\/td><\/tr><\/tbody><\/table><\/figure>\n","protected":false},"excerpt":{"rendered":"<p>1. \u00f3ra 8:00-8:45 2. \u00f3ra 8:55-9:40 3. \u00f3ra 9:55-10:40 4. \u00f3ra 10:55-11:40 5. \u00f3ra 11:50-12:30 6. \u00f3ra 12:35-13:20 7. \u00f3ra 13:25-14:10 8. \u00f3ra 14:10-14:55<\/p>\n","protected":false},"author":3,"featured_media":0,"parent":0,"menu_order":0,"comment_status":"closed","ping_status":"closed","template":"","meta":{"footnotes":""},"class_list":["post-912","page","type-page","status-publish","hentry"],"_links":{"self":[{"href":"https:\/\/zoldsziget.suli.hu\/index.php?rest_route=\/wp\/v2\/pages\/912","targetHints":{"allow":["GET"]}}],"collection":[{"href":"https:\/\/zoldsziget.suli.hu\/index.php?rest_route=\/wp\/v2\/pages"}],"about":[{"href":"https:\/\/zoldsziget.suli.hu\/index.php?rest_route=\/wp\/v2\/types\/page"}],"author":[{"embeddable":true,"href":"https:\/\/zoldsziget.suli.hu\/index.php?rest_route=\/wp\/v2\/users\/3"}],"replies":[{"embeddable":true,"href":"https:\/\/zoldsziget.suli.hu\/index.php?rest_route=%2Fwp%2Fv2%2Fcomments&post=912"}],"version-history":[{"count":2,"href":"https:\/\/zoldsziget.suli.hu\/index.php?rest_route=\/wp\/v2\/pages\/912\/revisions"}],"predecessor-version":[{"id":920,"href":"https:\/\/zoldsziget.suli.hu\/index.php?rest_route=\/wp\/v2\/pages\/912\/revisions\/920"}],"wp:attachment":[{"href":"https:\/\/zoldsziget.suli.hu\/index.php?rest_route=%2Fwp%2Fv2%2Fmedia&parent=912"}],"curies":[{"name":"wp","href":"https:\/\/api.w.org\/{rel}","templated":true}]}}